{"id":8968,"date":"2025-08-08T11:17:35","date_gmt":"2025-08-08T08:17:35","guid":{"rendered":"https:\/\/www.xondora.com\/?page_id=8968"},"modified":"2025-09-16T09:33:57","modified_gmt":"2025-09-16T06:33:57","slug":"impressum","status":"publish","type":"page","link":"https:\/\/www.xondora.com\/de\/impressum\/","title":{"rendered":"Impressum"},"content":{"rendered":"\t\t<div data-elementor-type=\"wp-page\" data-elementor-id=\"8968\" class=\"elementor elementor-8968\" data-elementor-post-type=\"page\">\n\t\t\t\t<div class=\"elementor-element elementor-element-786948ab e-flex e-con-boxed e-con e-parent\" data-id=\"786948ab\" data-element_type=\"container\" data-e-type=\"container\">\n\t\t\t\t\t<div class=\"e-con-inner\">\n\t\t\t\t<div class=\"elementor-element elementor-element-4fd85a29 elementor-widget elementor-widget-text-editor\" data-id=\"4fd85a29\" data-element_type=\"widget\" data-e-type=\"widget\" data-widget_type=\"text-editor.default\">\n\t\t\t\t\t\t\t\t\t<h1 class=\"wp-block-heading\">XONDORA LTD<\/h1>\n<p><!-- \/wp:heading --><!-- wp:paragraph --><\/p>\n<p>Gesch\u00e4ftsf\u00fchrung: Frau Nina Stallinger<\/p>\n<p>Softwareentwicklung f\u00fcr die Immobilien- &amp; Tourismus-Branche.<\/p>\n<p>Die Adresse unserer Webseite: <a href=\"https:\/\/www.xondora.com\">https:\/\/www.xondora.com<\/a><\/p>\n<p><!-- \/wp:paragraph --><!-- wp:heading --><\/p>\n<h4>Hauptsitz (Registered Office):<\/h4>\n<p>Chrysanthou Kakogiannis Street 33<br \/>8510 Kouklia<br \/>Zypern<\/p>\n<p><strong>Kontakt:<\/strong><\/p>\n<p>Telefon: +43 720 620 760-200<br \/>E-Mail: <a href=\"mailto:office@xondora.com\">office@xondora.com<\/a><\/p>\n<h4>Registereintrag:<\/h4>\n<p>Eingetragen im Department of Registrar of Companies and Official Receiver, Zypern<br \/>Registernummer: HE478487<\/p>\n<h4>Umsatzsteuer-ID:<\/h4>\n<p>VAT. No: CY60189474R<\/p>\n<h3>Haftungsausschluss<\/h3>\n<h4>Haftung f\u00fcr Inhalte<\/h4>\n<p>Als Diensteanbieter sind wir gem\u00e4\u00df den allgemeinen Gesetzen f\u00fcr eigene Inhalte auf diesen Seiten verantwortlich. Wir \u00fcbernehmen jedoch keine Gew\u00e4hr f\u00fcr die Vollst\u00e4ndigkeit, Richtigkeit und Aktualit\u00e4t der bereitgestellten Inhalte.<\/p>\n<h4>Haftung f\u00fcr Links<\/h4>\n<p>Unser Angebot enth\u00e4lt Links zu externen Websites Dritter, auf deren Inhalte wir keinen Einfluss haben. F\u00fcr die Inhalte verlinkter Seiten ist stets der jeweilige Anbieter oder Betreiber verantwortlich. Eine permanente inhaltliche Kontrolle der verlinkten Seiten ist ohne konkrete Anhaltspunkte einer Rechtsverletzung nicht zumutbar.<\/p>\n<h4>Urheberrecht<\/h4>\n<p>Die durch die Seitenbetreiber erstellten Inhalte und Werke auf diesen Seiten unterliegen dem Urheberrecht. Jede Vervielf\u00e4ltigung, Bearbeitung, Verbreitung und Verwertung au\u00dferhalb der gesetzlichen Grenzen bedarf der schriftlichen Zustimmung des jeweiligen Autors oder Erstellers.<\/p>\n<h4>Streitschlichtung<\/h4>\n<p>Die Europ\u00e4ische Kommission stellt eine Plattform zur Online-Streitbeilegung (OS) bereit:<br \/><a href=\"https:\/\/ec.europa.eu\/consumers\/odr\" target=\"_blank\" rel=\"noopener\">https:\/\/ec.europa.eu\/consumers\/odr<\/a><\/p>\n<p>Unsere E-Mail-Adresse findest du oben im Impressum.<\/p>\n<p>Wir sind nicht verpflichtet und nicht bereit, an Streitbeilegungsverfahren vor einer Verbraucherschlichtungsstelle teilzunehmen.<\/p>\n<h4>Foto-Credits<\/h4>\n<p>\u00a9 Ella Stallinger<br \/>\u00a9 Shutterstock.com<br \/>\u00a9 Nina Stallinger<\/p>\n<p><!-- \/wp:paragraph --><\/p>\t\t\t\t\t\t\t\t<\/div>\n\t\t\t\t\t<\/div>\n\t\t\t\t<\/div>\n\t\t\t\t<\/div>\n\t\t","protected":false},"excerpt":{"rendered":"<p>XONDORA LTD Gesch\u00e4ftsf\u00fchrung: Frau Nina Stallinger Softwareentwicklung f\u00fcr die Immobilien- &amp; Tourismus-Branche. Die Adresse unserer Webseite: https:\/\/www.xondora.com Hauptsitz (Registered Office): Chrysanthou Kakogiannis Street 338510 KoukliaZypern Kontakt: Telefon: +43 720 620 760-200E-Mail: office@xondora.com Registereintrag: Eingetragen im Department of Registrar of Companies and Official Receiver, ZypernRegisternummer: HE478487 Umsatzsteuer-ID: VAT. No: CY60189474R Haftungsausschluss Haftung f\u00fcr Inhalte Als Diensteanbieter [&hellip;]<\/p>\n","protected":false},"author":1,"featured_media":0,"parent":0,"menu_order":0,"comment_status":"closed","ping_status":"closed","template":"","meta":{"footnotes":""},"class_list":["post-8968","page","type-page","status-publish","hentry"],"aioseo_notices":[],"aioseo_head":"\n\t\t<!-- All in One SEO Pro 4.9.6.2 - aioseo.com -->\n\t<meta name=\"description\" content=\"Infos \u00fcber die XONDORA LTD in Zypern - Entwicklung von Softwarel\u00f6sungen im Tourismus und in der Immobilien-Branche. Die Agentur f\u00fcr innovative Programmierungen.\" \/>\n\t<meta name=\"robots\" content=\"max-image-preview:large\" \/>\n\t<link rel=\"canonical\" href=\"https:\/\/www.xondora.com\/de\/impressum\/\" \/>\n\t<meta name=\"generator\" content=\"All in One SEO Pro (AIOSEO) 4.9.6.2\" \/>\n\t\t<meta property=\"og:locale\" content=\"de_DE\" \/>\n\t\t<meta property=\"og:site_name\" content=\"XONDORA - Softwareentwicklung\" \/>\n\t\t<meta property=\"og:type\" content=\"article\" \/>\n\t\t<meta property=\"og:title\" content=\"Impressum - XONDORA Softwareentwicklung\" \/>\n\t\t<meta property=\"og:description\" content=\"Infos \u00fcber die XONDORA LTD in Zypern - Entwicklung von Softwarel\u00f6sungen im Tourismus und in der Immobilien-Branche. Die Agentur f\u00fcr innovative Programmierungen.\" \/>\n\t\t<meta property=\"og:url\" content=\"https:\/\/www.xondora.com\/de\/impressum\/\" \/>\n\t\t<meta property=\"og:image\" content=\"https:\/\/www.xondora.com\/wp-content\/uploads\/2025\/08\/cropped-icon-2.png\" \/>\n\t\t<meta property=\"og:image:secure_url\" content=\"https:\/\/www.xondora.com\/wp-content\/uploads\/2025\/08\/cropped-icon-2.png\" \/>\n\t\t<meta property=\"og:image:width\" content=\"512\" \/>\n\t\t<meta property=\"og:image:height\" content=\"512\" \/>\n\t\t<meta property=\"article:published_time\" content=\"2025-08-08T08:17:35+00:00\" \/>\n\t\t<meta property=\"article:modified_time\" content=\"2025-09-16T06:33:57+00:00\" \/>\n\t\t<meta name=\"twitter:card\" content=\"summary_large_image\" \/>\n\t\t<meta name=\"twitter:title\" content=\"Impressum - XONDORA Softwareentwicklung\" \/>\n\t\t<meta name=\"twitter:description\" content=\"Infos \u00fcber die XONDORA LTD in Zypern - Entwicklung von Softwarel\u00f6sungen im Tourismus und in der Immobilien-Branche. Die Agentur f\u00fcr innovative Programmierungen.\" \/>\n\t\t<meta name=\"twitter:image\" content=\"https:\/\/www.xondora.com\/wp-content\/uploads\/2025\/08\/cropped-icon-2.png\" \/>\n\t\t<script type=\"application\/ld+json\" class=\"aioseo-schema\">\n\t\t\t{\"@context\":\"https:\\\/\\\/schema.org\",\"@graph\":[{\"@type\":\"BreadcrumbList\",\"@id\":\"https:\\\/\\\/www.xondora.com\\\/de\\\/impressum\\\/#breadcrumblist\",\"itemListElement\":[{\"@type\":\"ListItem\",\"@id\":\"https:\\\/\\\/www.xondora.com\\\/de#listItem\",\"position\":1,\"name\":\"Home\",\"item\":\"https:\\\/\\\/www.xondora.com\\\/de\",\"nextItem\":{\"@type\":\"ListItem\",\"@id\":\"https:\\\/\\\/www.xondora.com\\\/de\\\/impressum\\\/#listItem\",\"name\":\"Impressum\"}},{\"@type\":\"ListItem\",\"@id\":\"https:\\\/\\\/www.xondora.com\\\/de\\\/impressum\\\/#listItem\",\"position\":2,\"name\":\"Impressum\",\"previousItem\":{\"@type\":\"ListItem\",\"@id\":\"https:\\\/\\\/www.xondora.com\\\/de#listItem\",\"name\":\"Home\"}}]},{\"@type\":\"Organization\",\"@id\":\"https:\\\/\\\/www.xondora.com\\\/de\\\/#organization\",\"name\":\"XONDORA Softwareentwichlung\",\"description\":\"Softwareentwicklung\",\"url\":\"https:\\\/\\\/www.xondora.com\\\/de\\\/\",\"telephone\":\"+35796634822\",\"logo\":{\"@type\":\"ImageObject\",\"url\":\"https:\\\/\\\/www.xondora.com\\\/wp-content\\\/uploads\\\/2025\\\/07\\\/xondora-logo-25.png\",\"@id\":\"https:\\\/\\\/www.xondora.com\\\/de\\\/impressum\\\/#organizationLogo\",\"width\":159,\"height\":25},\"image\":{\"@id\":\"https:\\\/\\\/www.xondora.com\\\/de\\\/impressum\\\/#organizationLogo\"}},{\"@type\":\"WebPage\",\"@id\":\"https:\\\/\\\/www.xondora.com\\\/de\\\/impressum\\\/#webpage\",\"url\":\"https:\\\/\\\/www.xondora.com\\\/de\\\/impressum\\\/\",\"name\":\"Impressum - XONDORA Softwareentwicklung\",\"description\":\"Infos \\u00fcber die XONDORA LTD in Zypern - Entwicklung von Softwarel\\u00f6sungen im Tourismus und in der Immobilien-Branche. Die Agentur f\\u00fcr innovative Programmierungen.\",\"inLanguage\":\"de-DE\",\"isPartOf\":{\"@id\":\"https:\\\/\\\/www.xondora.com\\\/de\\\/#website\"},\"breadcrumb\":{\"@id\":\"https:\\\/\\\/www.xondora.com\\\/de\\\/impressum\\\/#breadcrumblist\"},\"datePublished\":\"2025-08-08T11:17:35+03:00\",\"dateModified\":\"2025-09-16T09:33:57+03:00\"},{\"@type\":\"WebSite\",\"@id\":\"https:\\\/\\\/www.xondora.com\\\/de\\\/#website\",\"url\":\"https:\\\/\\\/www.xondora.com\\\/de\\\/\",\"name\":\"XONDORA\",\"description\":\"Softwareentwicklung\",\"inLanguage\":\"de-DE\",\"publisher\":{\"@id\":\"https:\\\/\\\/www.xondora.com\\\/de\\\/#organization\"}}]}\n\t\t<\/script>\n\t\t<!-- All in One SEO Pro -->\r\n\t\t<title>Impressum - XONDORA Softwareentwicklung<\/title>\n\n","aioseo_head_json":{"title":"Impressum - XONDORA Softwareentwicklung","description":"Infos \u00fcber die XONDORA LTD in Zypern - Entwicklung von Softwarel\u00f6sungen im Tourismus und in der Immobilien-Branche. Die Agentur f\u00fcr innovative Programmierungen.","canonical_url":"https:\/\/www.xondora.com\/de\/impressum\/","robots":"max-image-preview:large","keywords":"","webmasterTools":{"miscellaneous":""},"schema":{"@context":"https:\/\/schema.org","@graph":[{"@type":"BreadcrumbList","@id":"https:\/\/www.xondora.com\/de\/impressum\/#breadcrumblist","itemListElement":[{"@type":"ListItem","@id":"https:\/\/www.xondora.com\/de#listItem","position":1,"name":"Home","item":"https:\/\/www.xondora.com\/de","nextItem":{"@type":"ListItem","@id":"https:\/\/www.xondora.com\/de\/impressum\/#listItem","name":"Impressum"}},{"@type":"ListItem","@id":"https:\/\/www.xondora.com\/de\/impressum\/#listItem","position":2,"name":"Impressum","previousItem":{"@type":"ListItem","@id":"https:\/\/www.xondora.com\/de#listItem","name":"Home"}}]},{"@type":"Organization","@id":"https:\/\/www.xondora.com\/de\/#organization","name":"XONDORA Softwareentwichlung","description":"Softwareentwicklung","url":"https:\/\/www.xondora.com\/de\/","telephone":"+35796634822","logo":{"@type":"ImageObject","url":"https:\/\/www.xondora.com\/wp-content\/uploads\/2025\/07\/xondora-logo-25.png","@id":"https:\/\/www.xondora.com\/de\/impressum\/#organizationLogo","width":159,"height":25},"image":{"@id":"https:\/\/www.xondora.com\/de\/impressum\/#organizationLogo"}},{"@type":"WebPage","@id":"https:\/\/www.xondora.com\/de\/impressum\/#webpage","url":"https:\/\/www.xondora.com\/de\/impressum\/","name":"Impressum - XONDORA Softwareentwicklung","description":"Infos \u00fcber die XONDORA LTD in Zypern - Entwicklung von Softwarel\u00f6sungen im Tourismus und in der Immobilien-Branche. Die Agentur f\u00fcr innovative Programmierungen.","inLanguage":"de-DE","isPartOf":{"@id":"https:\/\/www.xondora.com\/de\/#website"},"breadcrumb":{"@id":"https:\/\/www.xondora.com\/de\/impressum\/#breadcrumblist"},"datePublished":"2025-08-08T11:17:35+03:00","dateModified":"2025-09-16T09:33:57+03:00"},{"@type":"WebSite","@id":"https:\/\/www.xondora.com\/de\/#website","url":"https:\/\/www.xondora.com\/de\/","name":"XONDORA","description":"Softwareentwicklung","inLanguage":"de-DE","publisher":{"@id":"https:\/\/www.xondora.com\/de\/#organization"}}]},"og:locale":"de_DE","og:site_name":"XONDORA - Softwareentwicklung","og:type":"article","og:title":"Impressum - XONDORA Softwareentwicklung","og:description":"Infos \u00fcber die XONDORA LTD in Zypern - Entwicklung von Softwarel\u00f6sungen im Tourismus und in der Immobilien-Branche. Die Agentur f\u00fcr innovative Programmierungen.","og:url":"https:\/\/www.xondora.com\/de\/impressum\/","og:image":"https:\/\/www.xondora.com\/wp-content\/uploads\/2025\/08\/cropped-icon-2.png","og:image:secure_url":"https:\/\/www.xondora.com\/wp-content\/uploads\/2025\/08\/cropped-icon-2.png","og:image:width":512,"og:image:height":512,"article:published_time":"2025-08-08T08:17:35+00:00","article:modified_time":"2025-09-16T06:33:57+00:00","twitter:card":"summary_large_image","twitter:title":"Impressum - XONDORA Softwareentwicklung","twitter:description":"Infos \u00fcber die XONDORA LTD in Zypern - Entwicklung von Softwarel\u00f6sungen im Tourismus und in der Immobilien-Branche. Die Agentur f\u00fcr innovative Programmierungen.","twitter:image":"https:\/\/www.xondora.com\/wp-content\/uploads\/2025\/08\/cropped-icon-2.png"},"aioseo_meta_data":{"post_id":"8968","title":"#post_title #separator_sa XONDORA Softwareentwicklung","description":"Infos \u00fcber die XONDORA LTD in Zypern - Entwicklung von Softwarel\u00f6sungen im Tourismus und in der Immobilien-Branche. Die Agentur f\u00fcr innovative Programmierungen.","keywords":null,"keyphrases":{"focus":{"keyphrase":"","score":0,"analysis":{"keyphraseInTitle":{"score":0,"maxScore":9,"error":1}}},"additional":[]},"primary_term":null,"canonical_url":null,"og_title":null,"og_description":null,"og_object_type":"default","og_image_type":"default","og_image_url":null,"og_image_width":null,"og_image_height":null,"og_image_custom_url":null,"og_image_custom_fields":null,"og_video":"","og_custom_url":null,"og_article_section":null,"og_article_tags":null,"twitter_use_og":false,"twitter_card":"default","twitter_image_type":"default","twitter_image_url":null,"twitter_image_custom_url":null,"twitter_image_custom_fields":null,"twitter_title":null,"twitter_description":null,"schema":{"blockGraphs":[],"customGraphs":[],"default":{"data":{"Article":[],"Course":[],"Dataset":[],"FAQPage":[],"Movie":[],"Person":[],"Product":[],"ProductReview":[],"Car":[],"Recipe":[],"Service":[],"SoftwareApplication":[],"WebPage":[]},"graphName":"WebPage","isEnabled":true},"graphs":[]},"schema_type":"default","schema_type_options":null,"pillar_content":false,"robots_default":true,"robots_noindex":false,"robots_noarchive":false,"robots_nosnippet":false,"robots_nofollow":false,"robots_noimageindex":false,"robots_noodp":false,"robots_notranslate":false,"robots_max_snippet":"-1","robots_max_videopreview":"-1","robots_max_imagepreview":"large","priority":null,"frequency":"default","local_seo":null,"seo_analyzer_scan_date":"2025-12-23 11:18:05","breadcrumb_settings":null,"limit_modified_date":false,"reviewed_by":"0","open_ai":null,"ai":{"faqs":[],"keyPoints":[],"titles":[],"descriptions":[],"socialPosts":{"email":[],"linkedin":[],"twitter":[],"facebook":[],"instagram":[]}},"created":"2025-08-08 08:17:36","updated":"2025-12-23 11:18:05"},"aioseo_breadcrumb":"<div class=\"aioseo-breadcrumbs\"><span class=\"aioseo-breadcrumb\">\n\t<a href=\"https:\/\/www.xondora.com\/de\" title=\"Home\">Home<\/a>\n<\/span><span class=\"aioseo-breadcrumb-separator\">\u00bb<\/span><span class=\"aioseo-breadcrumb\">\n\tImpressum\n<\/span><\/div>","aioseo_breadcrumb_json":[{"label":"Home","link":"https:\/\/www.xondora.com\/de"},{"label":"Impressum","link":"https:\/\/www.xondora.com\/de\/impressum\/"}],"_links":{"self":[{"href":"https:\/\/www.xondora.com\/de\/wp-json\/wp\/v2\/pages\/8968","targetHints":{"allow":["GET"]}}],"collection":[{"href":"https:\/\/www.xondora.com\/de\/wp-json\/wp\/v2\/pages"}],"about":[{"href":"https:\/\/www.xondora.com\/de\/wp-json\/wp\/v2\/types\/page"}],"author":[{"embeddable":true,"href":"https:\/\/www.xondora.com\/de\/wp-json\/wp\/v2\/users\/1"}],"replies":[{"embeddable":true,"href":"https:\/\/www.xondora.com\/de\/wp-json\/wp\/v2\/comments?post=8968"}],"version-history":[{"count":51,"href":"https:\/\/www.xondora.com\/de\/wp-json\/wp\/v2\/pages\/8968\/revisions"}],"predecessor-version":[{"id":9406,"href":"https:\/\/www.xondora.com\/de\/wp-json\/wp\/v2\/pages\/8968\/revisions\/9406"}],"wp:attachment":[{"href":"https:\/\/www.xondora.com\/de\/wp-json\/wp\/v2\/media?parent=8968"}],"curies":[{"name":"wp","href":"https:\/\/api.w.org\/{rel}","templated":true}]}}