{"id":3,"date":"2025-08-07T15:01:00","date_gmt":"2025-08-07T12:01:00","guid":{"rendered":"https:\/\/www.xondora.com\/?page_id=3"},"modified":"2025-08-10T20:19:35","modified_gmt":"2025-08-10T17:19:35","slug":"data-protection","status":"publish","type":"page","link":"https:\/\/www.xondora.com\/en\/datenschutz\/","title":{"rendered":"Privacy policy"},"content":{"rendered":"<div data-elementor-type=\"wp-page\" data-elementor-id=\"3\" class=\"elementor elementor-3\" data-elementor-post-type=\"page\">\n\t\t\t\t<div class=\"elementor-element elementor-element-603e582e e-flex e-con-boxed e-con e-parent\" data-id=\"603e582e\" data-element_type=\"container\" data-e-type=\"container\">\n\t\t\t\t\t<div class=\"e-con-inner\">\n\t\t\t\t<div class=\"elementor-element elementor-element-6b35acf1 elementor-widget elementor-widget-text-editor\" data-id=\"6b35acf1\" data-element_type=\"widget\" data-e-type=\"widget\" data-widget_type=\"text-editor.default\">\n\t\t\t\t\t\t\t\t\t\n<h1 class=\"wp-block-heading\">Data protection<\/h1>\n<h4>1. responsible person<\/h4>\n<p><strong>XONDORA LTD<\/strong><br \/>Management: Mrs Nina Stallinger<\/p>\n<h5>Address:<\/h5>\n<p>Chrysanthou Kakogiannis Street 33<br \/>8510 Kouklia<br \/>Cyprus<\/p>\n<p>E-Mail: <a href=\"mailto:office@xondora.com\">office@xondora.com<\/a><br \/>Phone: +43 720 620 760 200<br \/>Phone: +357 966 34 822<\/p>\n<h4>2. general information on data processing<\/h4>\n<p>We only process our users' personal data to the extent necessary to provide a functional website and our content and services. Processing only takes place regularly with consent or if permitted by law.<\/p>\n<h4>3. collection and storage of personal data and the nature and purpose of its use<\/h4>\n<h5>a) When visiting the website<\/h5>\n<p>The following data is automatically collected when you visit our website www.xondora.com:<\/p>\n<p>- IP address<br \/>- Date and time<br \/>- visited pages\/files<br \/>- Browser used<br \/>- Operating system used<br \/>- Referrer URL<\/p>\n<p><strong>Purposes:<\/strong><\/p>\n<p>- Technical operation and security of the website<br \/>- Optimisation of the display<br \/>- Defence against abuse<\/p>\n<p><strong>Legal basis:<\/strong> Art. 6 para. 1 lit. f GDPR (legitimate interest)<\/p>\n<h5>b) Contact form \/ e-mail contact<\/h5>\n<p>When using our contact form or the e-mail address provided, the data transmitted will be stored and used to process the enquiry.<\/p>\n<p><strong>Legal basis:<\/strong> Art. 6 para. 1 lit. b GDPR (fulfilment of contract \/ pre-contractual measures)<\/p>\n<h4>4. cookies and similar technologies<\/h4>\n<p>Our website uses cookies and similar technologies (e.g. local storage, pixels) to:<\/p>\n<p>- to enable the operation of the website (technically necessary cookies)<br \/>- carry out statistical analyses<br \/>- to fulfil marketing and analysis purposes<\/p>\n<p><strong>Legal basis:<\/strong><\/p>\n<p>For technically necessary cookies: Art. 6 para. 1 lit. f GDPR (legitimate interest)<br \/>For all other cookies\/technologies: Art. 6 para. 1 lit. a GDPR (consent)<\/p>\n<h5>Cookie consent (opt-in):<\/h5>\n<p>When you first visit our website, you will be asked via a cookie banner (Consent Manager) whether you wish to consent to the use of non-essential cookies.<\/p>\n<p><strong>Yes<\/strong> \u2192 The corresponding cookies are set.<br \/><strong>No<\/strong> \u2192 Only technically necessary cookies are used.<\/p>\n<p>You can revoke or change your consent at any time via the \"Cookie settings\" link at the bottom of the page.<\/p>\n<h4>5. analysis tools<\/h4>\n<p>If you have given your consent, we use Google Analytics from Google Ireland Limited to analyse usage behaviour.<br \/>Google Analytics uses cookies and only stores IP addresses in abbreviated form.<\/p>\n<p>You can prevent the storage of cookies by not giving your consent in the cookie banner or by revoking it later.<\/p>\n<h4>6. disclosure of data<\/h4>\n<p><strong>It will only be passed on:<\/strong><\/p>\n<p>- in the event of a legal obligation (Art. 6 para. 1 lit. c GDPR)<br \/>- for the fulfilment of the contract (Art. 6 para. 1 lit. b GDPR)<br \/>- if consent has been given (Art. 6 para. 1 lit. a GDPR)<\/p>\n<h4>7. your rights<\/h4>\n<p><strong>You have the following rights:<\/strong><\/p>\n<p>- Information (Art. 15 GDPR)<br \/>- Rectification (Art. 16 GDPR)<br \/>- Erasure (Art. 17 GDPR)<br \/>- Restriction of processing (Art. 18 GDPR)<br \/>- Objection (Art. 21 GDPR)<br \/>- Data portability (Art. 20 GDPR)<br \/>- Complaint to a supervisory authority (Art. 77 GDPR)<\/p>\n<h4>8. data security<\/h4>\n<p>We use SSL\/TLS encryption to protect your data during transmission.<\/p>\n<h4>9. changes<\/h4>\n<p>This privacy policy is currently valid (as of August 2025) and will be updated as required.<\/p>\t\t\t\t\t\t\t\t<\/div>\n\t\t\t\t\t<\/div>\n\t\t\t\t<\/div>\n\t\t\t\t<\/div>","protected":false},"excerpt":{"rendered":"<p>Datenschutz 1. Verantwortlicher XONDORA LTDGesch\u00e4ftsf\u00fchrung: Frau Nina Stallinger Adresse: Chrysanthou Kakogiannis Street 338510 KoukliaZypern E-Mail: office@xondora.comTelefon: +43 720 620 760 200Telefon: +357 966 34 822 2. Allgemeines zur Datenverarbeitung Wir verarbeiten personenbezogene Daten unserer Nutzer nur, soweit dies zur Bereitstellung einer funktionsf\u00e4higen Website sowie unserer Inhalte und Leistungen erforderlich ist. Die Verarbeitung erfolgt regelm\u00e4\u00dfig nur [&hellip;]<\/p>\n","protected":false},"author":1,"featured_media":0,"parent":0,"menu_order":0,"comment_status":"closed","ping_status":"closed","template":"","meta":{"footnotes":""},"class_list":["post-3","page","type-page","status-publish","hentry"],"aioseo_notices":[],"aioseo_head":"\n\t\t<!-- All in One SEO Pro 4.9.6.2 - aioseo.com -->\n\t<meta name=\"description\" content=\"In unserer Datenschutzerkl\u00e4rung finden Sie Ihre Rechte im Bezug auf Verwendungund Verarbeitung Ihrer Datens\u00e4tze. Die XONDORA LTD arbeitet immer datenschutzkonform.\" \/>\n\t<meta name=\"robots\" content=\"max-image-preview:large\" \/>\n\t<link rel=\"canonical\" href=\"https:\/\/www.xondora.com\/en\/datenschutz\/\" \/>\n\t<meta name=\"generator\" content=\"All in One SEO Pro (AIOSEO) 4.9.6.2\" \/>\n\t\t<meta property=\"og:locale\" content=\"en_GB\" \/>\n\t\t<meta property=\"og:site_name\" content=\"XONDORA - Softwareentwicklung\" \/>\n\t\t<meta property=\"og:type\" content=\"article\" \/>\n\t\t<meta property=\"og:title\" content=\"Datenschutzerkl\u00e4rung - XONDORA\" \/>\n\t\t<meta property=\"og:description\" content=\"In unserer Datenschutzerkl\u00e4rung finden Sie Ihre Rechte im Bezug auf Verwendungund Verarbeitung Ihrer Datens\u00e4tze. Die XONDORA LTD arbeitet immer datenschutzkonform.\" \/>\n\t\t<meta property=\"og:url\" content=\"https:\/\/www.xondora.com\/en\/datenschutz\/\" \/>\n\t\t<meta property=\"og:image\" content=\"https:\/\/www.xondora.com\/wp-content\/uploads\/2025\/08\/cropped-icon-2.png\" \/>\n\t\t<meta property=\"og:image:secure_url\" content=\"https:\/\/www.xondora.com\/wp-content\/uploads\/2025\/08\/cropped-icon-2.png\" \/>\n\t\t<meta property=\"og:image:width\" content=\"512\" \/>\n\t\t<meta property=\"og:image:height\" content=\"512\" \/>\n\t\t<meta property=\"article:published_time\" content=\"2025-08-07T12:01:00+00:00\" \/>\n\t\t<meta property=\"article:modified_time\" content=\"2025-08-10T17:19:35+00:00\" \/>\n\t\t<meta name=\"twitter:card\" content=\"summary_large_image\" \/>\n\t\t<meta name=\"twitter:title\" content=\"Datenschutzerkl\u00e4rung - XONDORA\" \/>\n\t\t<meta name=\"twitter:description\" content=\"In unserer Datenschutzerkl\u00e4rung finden Sie Ihre Rechte im Bezug auf Verwendungund Verarbeitung Ihrer Datens\u00e4tze. Die XONDORA LTD arbeitet immer datenschutzkonform.\" \/>\n\t\t<meta name=\"twitter:image\" content=\"https:\/\/www.xondora.com\/wp-content\/uploads\/2025\/08\/cropped-icon-2.png\" \/>\n\t\t<script type=\"application\/ld+json\" class=\"aioseo-schema\">\n\t\t\t{\"@context\":\"https:\\\/\\\/schema.org\",\"@graph\":[{\"@type\":\"BreadcrumbList\",\"@id\":\"https:\\\/\\\/www.xondora.com\\\/en\\\/datenschutz\\\/#breadcrumblist\",\"itemListElement\":[{\"@type\":\"ListItem\",\"@id\":\"https:\\\/\\\/www.xondora.com\\\/en#listItem\",\"position\":1,\"name\":\"Home\",\"item\":\"https:\\\/\\\/www.xondora.com\\\/en\",\"nextItem\":{\"@type\":\"ListItem\",\"@id\":\"https:\\\/\\\/www.xondora.com\\\/en\\\/datenschutz\\\/#listItem\",\"name\":\"Datenschutzerkl\\u00e4rung\"}},{\"@type\":\"ListItem\",\"@id\":\"https:\\\/\\\/www.xondora.com\\\/en\\\/datenschutz\\\/#listItem\",\"position\":2,\"name\":\"Datenschutzerkl\\u00e4rung\",\"previousItem\":{\"@type\":\"ListItem\",\"@id\":\"https:\\\/\\\/www.xondora.com\\\/en#listItem\",\"name\":\"Home\"}}]},{\"@type\":\"Organization\",\"@id\":\"https:\\\/\\\/www.xondora.com\\\/en\\\/#organization\",\"name\":\"XONDORA Softwareentwichlung\",\"description\":\"Softwareentwicklung\",\"url\":\"https:\\\/\\\/www.xondora.com\\\/en\\\/\",\"telephone\":\"+35796634822\",\"logo\":{\"@type\":\"ImageObject\",\"url\":\"https:\\\/\\\/www.xondora.com\\\/wp-content\\\/uploads\\\/2025\\\/07\\\/xondora-logo-25.png\",\"@id\":\"https:\\\/\\\/www.xondora.com\\\/en\\\/datenschutz\\\/#organizationLogo\",\"width\":159,\"height\":25},\"image\":{\"@id\":\"https:\\\/\\\/www.xondora.com\\\/en\\\/datenschutz\\\/#organizationLogo\"}},{\"@type\":\"WebPage\",\"@id\":\"https:\\\/\\\/www.xondora.com\\\/en\\\/datenschutz\\\/#webpage\",\"url\":\"https:\\\/\\\/www.xondora.com\\\/en\\\/datenschutz\\\/\",\"name\":\"Datenschutzerkl\\u00e4rung - XONDORA\",\"description\":\"In unserer Datenschutzerkl\\u00e4rung finden Sie Ihre Rechte im Bezug auf Verwendungund Verarbeitung Ihrer Datens\\u00e4tze. Die XONDORA LTD arbeitet immer datenschutzkonform.\",\"inLanguage\":\"en-GB\",\"isPartOf\":{\"@id\":\"https:\\\/\\\/www.xondora.com\\\/en\\\/#website\"},\"breadcrumb\":{\"@id\":\"https:\\\/\\\/www.xondora.com\\\/en\\\/datenschutz\\\/#breadcrumblist\"},\"datePublished\":\"2025-08-07T15:01:00+03:00\",\"dateModified\":\"2025-08-10T20:19:35+03:00\"},{\"@type\":\"WebSite\",\"@id\":\"https:\\\/\\\/www.xondora.com\\\/en\\\/#website\",\"url\":\"https:\\\/\\\/www.xondora.com\\\/en\\\/\",\"name\":\"XONDORA\",\"description\":\"Softwareentwicklung\",\"inLanguage\":\"en-GB\",\"publisher\":{\"@id\":\"https:\\\/\\\/www.xondora.com\\\/en\\\/#organization\"}}]}\n\t\t<\/script>\n\t\t<!-- All in One SEO Pro -->\r\n\t\t<title>Datenschutzerkl\u00e4rung - XONDORA<\/title>\n\n","aioseo_head_json":{"title":"Privacy policy - XONDORA","description":"You will find your rights regarding the use and processing of your data records in our privacy policy. XONDORA LTD always works in compliance with data protection regulations.","canonical_url":"https:\/\/www.xondora.com\/en\/datenschutz\/","robots":"max-image-preview:large","keywords":"","webmasterTools":{"miscellaneous":""},"schema":{"@context":"https:\/\/schema.org","@graph":[{"@type":"BreadcrumbList","@id":"https:\/\/www.xondora.com\/en\/datenschutz\/#breadcrumblist","itemListElement":[{"@type":"ListItem","@id":"https:\/\/www.xondora.com\/en#listItem","position":1,"name":"Home","item":"https:\/\/www.xondora.com\/en","nextItem":{"@type":"ListItem","@id":"https:\/\/www.xondora.com\/en\/datenschutz\/#listItem","name":"Datenschutzerkl\u00e4rung"}},{"@type":"ListItem","@id":"https:\/\/www.xondora.com\/en\/datenschutz\/#listItem","position":2,"name":"Datenschutzerkl\u00e4rung","previousItem":{"@type":"ListItem","@id":"https:\/\/www.xondora.com\/en#listItem","name":"Home"}}]},{"@type":"Organization","@id":"https:\/\/www.xondora.com\/en\/#organization","name":"XONDORA Softwareentwichlung","description":"Softwareentwicklung","url":"https:\/\/www.xondora.com\/en\/","telephone":"+35796634822","logo":{"@type":"ImageObject","url":"https:\/\/www.xondora.com\/wp-content\/uploads\/2025\/07\/xondora-logo-25.png","@id":"https:\/\/www.xondora.com\/en\/datenschutz\/#organizationLogo","width":159,"height":25},"image":{"@id":"https:\/\/www.xondora.com\/en\/datenschutz\/#organizationLogo"}},{"@type":"WebPage","@id":"https:\/\/www.xondora.com\/en\/datenschutz\/#webpage","url":"https:\/\/www.xondora.com\/en\/datenschutz\/","name":"Datenschutzerkl\u00e4rung - XONDORA","description":"In unserer Datenschutzerkl\u00e4rung finden Sie Ihre Rechte im Bezug auf Verwendungund Verarbeitung Ihrer Datens\u00e4tze. Die XONDORA LTD arbeitet immer datenschutzkonform.","inLanguage":"en-GB","isPartOf":{"@id":"https:\/\/www.xondora.com\/en\/#website"},"breadcrumb":{"@id":"https:\/\/www.xondora.com\/en\/datenschutz\/#breadcrumblist"},"datePublished":"2025-08-07T15:01:00+03:00","dateModified":"2025-08-10T20:19:35+03:00"},{"@type":"WebSite","@id":"https:\/\/www.xondora.com\/en\/#website","url":"https:\/\/www.xondora.com\/en\/","name":"XONDORA","description":"Softwareentwicklung","inLanguage":"en-GB","publisher":{"@id":"https:\/\/www.xondora.com\/en\/#organization"}}]},"og:locale":"en_GB","og:site_name":"XONDORA - Softwareentwicklung","og:type":"article","og:title":"Datenschutzerkl\u00e4rung - XONDORA","og:description":"In unserer Datenschutzerkl\u00e4rung finden Sie Ihre Rechte im Bezug auf Verwendungund Verarbeitung Ihrer Datens\u00e4tze. Die XONDORA LTD arbeitet immer datenschutzkonform.","og:url":"https:\/\/www.xondora.com\/en\/datenschutz\/","og:image":"https:\/\/www.xondora.com\/wp-content\/uploads\/2025\/08\/cropped-icon-2.png","og:image:secure_url":"https:\/\/www.xondora.com\/wp-content\/uploads\/2025\/08\/cropped-icon-2.png","og:image:width":512,"og:image:height":512,"article:published_time":"2025-08-07T12:01:00+00:00","article:modified_time":"2025-08-10T17:19:35+00:00","twitter:card":"summary_large_image","twitter:title":"Datenschutzerkl\u00e4rung - XONDORA","twitter:description":"In unserer Datenschutzerkl\u00e4rung finden Sie Ihre Rechte im Bezug auf Verwendungund Verarbeitung Ihrer Datens\u00e4tze. Die XONDORA LTD arbeitet immer datenschutzkonform.","twitter:image":"https:\/\/www.xondora.com\/wp-content\/uploads\/2025\/08\/cropped-icon-2.png"},"aioseo_meta_data":{"post_id":"3","title":null,"description":"You will find your rights regarding the use and processing of your data records in our privacy policy. XONDORA LTD always works in compliance with data protection regulations.","keywords":null,"keyphrases":{"focus":{"keyphrase":"","score":0,"analysis":{"keyphraseInTitle":{"score":0,"maxScore":9,"error":1}}},"additional":[]},"primary_term":null,"canonical_url":null,"og_title":null,"og_description":null,"og_object_type":"default","og_image_type":"default","og_image_url":null,"og_image_width":null,"og_image_height":null,"og_image_custom_url":null,"og_image_custom_fields":null,"og_video":"","og_custom_url":null,"og_article_section":null,"og_article_tags":null,"twitter_use_og":false,"twitter_card":"default","twitter_image_type":"default","twitter_image_url":null,"twitter_image_custom_url":null,"twitter_image_custom_fields":null,"twitter_title":null,"twitter_description":null,"schema":{"blockGraphs":[],"customGraphs":[],"default":{"data":{"Article":[],"Course":[],"Dataset":[],"FAQPage":[],"Movie":[],"Person":[],"Product":[],"ProductReview":[],"Car":[],"Recipe":[],"Service":[],"SoftwareApplication":[],"WebPage":[]},"graphName":"WebPage","isEnabled":true},"graphs":[]},"schema_type":"default","schema_type_options":null,"pillar_content":false,"robots_default":true,"robots_noindex":false,"robots_noarchive":false,"robots_nosnippet":false,"robots_nofollow":false,"robots_noimageindex":false,"robots_noodp":false,"robots_notranslate":false,"robots_max_snippet":"-1","robots_max_videopreview":"-1","robots_max_imagepreview":"large","priority":null,"frequency":"default","local_seo":null,"seo_analyzer_scan_date":"2025-09-09 07:25:13","breadcrumb_settings":null,"limit_modified_date":false,"reviewed_by":"0","open_ai":null,"ai":{"faqs":[],"keyPoints":[],"titles":[],"descriptions":[],"socialPosts":{"email":[],"linkedin":[],"twitter":[],"facebook":[],"instagram":[]}},"created":"2025-08-08 08:18:44","updated":"2025-10-22 00:58:06"},"aioseo_breadcrumb":"<div class=\"aioseo-breadcrumbs\"><span class=\"aioseo-breadcrumb\">\n\t<a href=\"https:\/\/www.xondora.com\/en\" title=\"Home\">Home<\/a>\n<\/span><span class=\"aioseo-breadcrumb-separator\">\u00bb<\/span><span class=\"aioseo-breadcrumb\">\n\tDatenschutzerkl\u00e4rung\n<\/span><\/div>","aioseo_breadcrumb_json":[{"label":"Home","link":"https:\/\/www.xondora.com\/en"},{"label":"Datenschutzerkl\u00e4rung","link":"https:\/\/www.xondora.com\/en\/datenschutz\/"}],"_links":{"self":[{"href":"https:\/\/www.xondora.com\/en\/wp-json\/wp\/v2\/pages\/3","targetHints":{"allow":["GET"]}}],"collection":[{"href":"https:\/\/www.xondora.com\/en\/wp-json\/wp\/v2\/pages"}],"about":[{"href":"https:\/\/www.xondora.com\/en\/wp-json\/wp\/v2\/types\/page"}],"author":[{"embeddable":true,"href":"https:\/\/www.xondora.com\/en\/wp-json\/wp\/v2\/users\/1"}],"replies":[{"embeddable":true,"href":"https:\/\/www.xondora.com\/en\/wp-json\/wp\/v2\/comments?post=3"}],"version-history":[{"count":84,"href":"https:\/\/www.xondora.com\/en\/wp-json\/wp\/v2\/pages\/3\/revisions"}],"predecessor-version":[{"id":9280,"href":"https:\/\/www.xondora.com\/en\/wp-json\/wp\/v2\/pages\/3\/revisions\/9280"}],"wp:attachment":[{"href":"https:\/\/www.xondora.com\/en\/wp-json\/wp\/v2\/media?parent=3"}],"curies":[{"name":"wp","href":"https:\/\/api.w.org\/{rel}","templated":true}]}}